{"id":7,"date":"2013-06-03T10:05:48","date_gmt":"2013-06-03T10:05:48","guid":{"rendered":"http:\/\/www.alfredoseca.st\/?page_id=7"},"modified":"2013-06-13T10:01:31","modified_gmt":"2013-06-13T10:01:31","slug":"portfolio","status":"publish","type":"page","link":"http:\/\/www.alfredoseca.st\/?page_id=7","title":{"rendered":"Consultoria e Servi\u00e7os"},"content":{"rendered":"<p>em constru\u00e7\u00e3o &#8230;.<\/p>\n","protected":false},"excerpt":{"rendered":"<p>em constru\u00e7\u00e3o &#8230;.<\/p>\n","protected":false},"author":1,"featured_media":0,"parent":0,"menu_order":1,"comment_status":"closed","ping_status":"closed","template":"","meta":[],"_links":{"self":[{"href":"http:\/\/www.alfredoseca.st\/index.php?rest_route=\/wp\/v2\/pages\/7"}],"collection":[{"href":"http:\/\/www.alfredoseca.st\/index.php?rest_route=\/wp\/v2\/pages"}],"about":[{"href":"http:\/\/www.alfredoseca.st\/index.php?rest_route=\/wp\/v2\/types\/page"}],"author":[{"embeddable":true,"href":"http:\/\/www.alfredoseca.st\/index.php?rest_route=\/wp\/v2\/users\/1"}],"replies":[{"embeddable":true,"href":"http:\/\/www.alfredoseca.st\/index.php?rest_route=%2Fwp%2Fv2%2Fcomments&post=7"}],"version-history":[{"count":13,"href":"http:\/\/www.alfredoseca.st\/index.php?rest_route=\/wp\/v2\/pages\/7\/revisions"}],"predecessor-version":[{"id":186,"href":"http:\/\/www.alfredoseca.st\/index.php?rest_route=\/wp\/v2\/pages\/7\/revisions\/186"}],"wp:attachment":[{"href":"http:\/\/www.alfredoseca.st\/index.php?rest_route=%2Fwp%2Fv2%2Fmedia&parent=7"}],"curies":[{"name":"wp","href":"https:\/\/api.w.org\/{rel}","templated":true}]}}