{"id":162,"date":"2013-06-13T09:20:09","date_gmt":"2013-06-13T09:20:09","guid":{"rendered":"http:\/\/www.alfredoseca.st\/?page_id=162"},"modified":"2013-06-19T17:13:38","modified_gmt":"2013-06-19T17:13:38","slug":"academia-2","status":"publish","type":"page","link":"http:\/\/www.alfredoseca.st\/?page_id=162","title":{"rendered":"Acad\u00e9mia"},"content":{"rendered":"<p>em constru\u00e7\u00e3o&#8230;.<\/p>\n","protected":false},"excerpt":{"rendered":"<p>em constru\u00e7\u00e3o&#8230;.<\/p>\n","protected":false},"author":1,"featured_media":0,"parent":0,"menu_order":0,"comment_status":"closed","ping_status":"closed","template":"","meta":[],"_links":{"self":[{"href":"http:\/\/www.alfredoseca.st\/index.php?rest_route=\/wp\/v2\/pages\/162"}],"collection":[{"href":"http:\/\/www.alfredoseca.st\/index.php?rest_route=\/wp\/v2\/pages"}],"about":[{"href":"http:\/\/www.alfredoseca.st\/index.php?rest_route=\/wp\/v2\/types\/page"}],"author":[{"embeddable":true,"href":"http:\/\/www.alfredoseca.st\/index.php?rest_route=\/wp\/v2\/users\/1"}],"replies":[{"embeddable":true,"href":"http:\/\/www.alfredoseca.st\/index.php?rest_route=%2Fwp%2Fv2%2Fcomments&post=162"}],"version-history":[{"count":3,"href":"http:\/\/www.alfredoseca.st\/index.php?rest_route=\/wp\/v2\/pages\/162\/revisions"}],"predecessor-version":[{"id":272,"href":"http:\/\/www.alfredoseca.st\/index.php?rest_route=\/wp\/v2\/pages\/162\/revisions\/272"}],"wp:attachment":[{"href":"http:\/\/www.alfredoseca.st\/index.php?rest_route=%2Fwp%2Fv2%2Fmedia&parent=162"}],"curies":[{"name":"wp","href":"https:\/\/api.w.org\/{rel}","templated":true}]}}