{"id":154,"date":"2019-09-20T15:59:12","date_gmt":"2019-09-20T15:59:12","guid":{"rendered":"http:\/\/www.alfredoseca.st\/?page_id=154"},"modified":"2019-09-20T17:17:50","modified_gmt":"2019-09-20T17:17:50","slug":"home-page","status":"publish","type":"page","link":"http:\/\/www.alfredoseca.st\/","title":{"rendered":"Home page"},"content":{"rendered":"<p style=\"text-align: justify;\"><a href=\"http:\/\/www.alfredoseca.st\/wp-content\/uploads\/2013\/06\/adss.jpg\"><img decoding=\"async\" loading=\"lazy\" class=\"size-full wp-image-201 alignleft\" src=\"http:\/\/www.alfredoseca.st\/wp-content\/uploads\/2013\/06\/adss.jpg\" alt=\"Alfredo Seca\" width=\"120\" height=\"125\"><\/a>Alfredo Deolindo dos Santos S\u00e9ca \u00e9 Engenheiro Inform\u00e1tico, Licenciado pelo Instituto Polit\u00e9cnico da Guarda &#8211; Portugal, natural de S\u00e3o Tom\u00e9. Trabalha na \u00e1rea de desenvolvimento e implementa\u00e7\u00e3o de projectos de sistemas web e Windows com suporte a base de dados access e sql server, actualmente \u00e9 respons\u00e1vel pelo departamento t\u00e9cnico da empresa NetLineSTP, Lda. Trabalhou em diversos segmentos de tecnologia, destacando o trabalho de fim de curso &#8211; Plataforma P\u00e1gina das Disciplinas, aplica\u00e7\u00e3o para apoiar os docentes da Escola Superior de Tecnologia e Gest\u00e3o da Guarda para disponibiliza\u00e7\u00e3o dos conte\u00fados, tem conhecimento e experi\u00eancia em avalia\u00e7\u00e3o de Sites &#8211; Avalia\u00e7\u00e3o dos sites dos organismos de estado Portugu\u00eas[2005].<\/p>\n<p style=\"text-align: justify;\">Trabalha com tecnologias voltadas para a Web e Redes &#8211; Sistemas Windows, linguagens como Java, C\/C++, C# e actua em projectos desde levantamento das necessidades, concep\u00e7\u00e3o, e desenvolvimento de aplica\u00e7\u00f5es.<\/p>\n<p style=\"text-align: justify;\">Tecnologias de ponta, web Aplication 2.0 e 3.0 \u00e9 o foco actual de crescimento, al\u00e9m de expandir e formalizar conhecimentos em Gest\u00e3o de Projectos e Modelagem de Dados (UML).<\/p>\n<p style=\"text-align: justify;\">\u201cTudo o que um homem pode imaginar, outros homens poder\u00e3o realizar.\u201d<br \/>\nJ\u00falio Verne<\/p>\n<p style=\"text-align: justify;\">J\u00falio Verne \u00e9 autor de livros como \u201cViagem \u00e0 Lua\u201d, \u201c20.000 L\u00e9guas Submarinas\u201d e \u201cVolta ao Mundo em 80 Dias\u201d do s\u00e9culo XIX. V\u00e1rios conceitos de seus livros foram, posteriormente, utilizados para constru\u00e7\u00e3o de submarinos e aeronaves. &#8230;<\/p>\n","protected":false},"excerpt":{"rendered":"<p>Alfredo Deolindo dos Santos S\u00e9ca \u00e9 Engenheiro Inform\u00e1tico, Licenciado pelo Instituto Polit\u00e9cnico da Guarda &#8211; Portugal, natural de S\u00e3o Tom\u00e9. Trabalha na \u00e1rea de desenvolvimento e implementa\u00e7\u00e3o de projectos de sistemas web e Windows com suporte a base de dados &hellip; <a href=\"http:\/\/www.alfredoseca.st\/\">Continuar a ler <span class=\"meta-nav\">&rarr;<\/span><\/a><\/p>\n","protected":false},"author":1,"featured_media":0,"parent":0,"menu_order":1,"comment_status":"closed","ping_status":"closed","template":"","meta":[],"_links":{"self":[{"href":"http:\/\/www.alfredoseca.st\/index.php?rest_route=\/wp\/v2\/pages\/154"}],"collection":[{"href":"http:\/\/www.alfredoseca.st\/index.php?rest_route=\/wp\/v2\/pages"}],"about":[{"href":"http:\/\/www.alfredoseca.st\/index.php?rest_route=\/wp\/v2\/types\/page"}],"author":[{"embeddable":true,"href":"http:\/\/www.alfredoseca.st\/index.php?rest_route=\/wp\/v2\/users\/1"}],"replies":[{"embeddable":true,"href":"http:\/\/www.alfredoseca.st\/index.php?rest_route=%2Fwp%2Fv2%2Fcomments&post=154"}],"version-history":[{"count":47,"href":"http:\/\/www.alfredoseca.st\/index.php?rest_route=\/wp\/v2\/pages\/154\/revisions"}],"predecessor-version":[{"id":358,"href":"http:\/\/www.alfredoseca.st\/index.php?rest_route=\/wp\/v2\/pages\/154\/revisions\/358"}],"wp:attachment":[{"href":"http:\/\/www.alfredoseca.st\/index.php?rest_route=%2Fwp%2Fv2%2Fmedia&parent=154"}],"curies":[{"name":"wp","href":"https:\/\/api.w.org\/{rel}","templated":true}]}}